{"id":2938,"date":"2025-07-09T13:29:43","date_gmt":"2025-07-09T13:29:43","guid":{"rendered":"https:\/\/famaraapp.com\/?post_type=product&#038;p=2938"},"modified":"2025-10-29T16:26:24","modified_gmt":"2025-10-29T15:26:24","slug":"plan-basico-anual","status":"publish","type":"product","link":"https:\/\/famaraapp.com\/ca\/product\/plan-basico-anual\/","title":{"rendered":"Plan B\u00e1sico Anual"},"content":{"rendered":"<p>El Plan B\u00e1sico Anual est\u00e1 dise\u00f1ado para hogares que quieren estabilidad y ahorro.<br \/>\nAl pagar un a\u00f1o por adelantado, ahorras 2 meses respecto al pago mensual.<br \/>\nIncluye todas las funciones esenciales para el d\u00eda a d\u00eda del centro: tareas, avisos, notas internas, etc.<\/p>\n","protected":false},"excerpt":{"rendered":"<p>Ahorra 2 meses contratando el Plan B\u00e1sico durante un a\u00f1o. Ideal para comenzar con confianza.<\/p>\n","protected":false},"featured_media":0,"comment_status":"open","ping_status":"closed","template":"","meta":[],"product_brand":[],"product_cat":[31],"product_tag":[],"class_list":{"0":"post-2938","1":"product","2":"type-product","3":"status-publish","5":"product_cat-uncategorized","7":"first","8":"instock","9":"virtual","10":"sold-individually","11":"taxable","12":"purchasable","13":"product-type-simple"},"_links":{"self":[{"href":"https:\/\/famaraapp.com\/ca\/wp-json\/wp\/v2\/product\/2938","targetHints":{"allow":["GET"]}}],"collection":[{"href":"https:\/\/famaraapp.com\/ca\/wp-json\/wp\/v2\/product"}],"about":[{"href":"https:\/\/famaraapp.com\/ca\/wp-json\/wp\/v2\/types\/product"}],"replies":[{"embeddable":true,"href":"https:\/\/famaraapp.com\/ca\/wp-json\/wp\/v2\/comments?post=2938"}],"wp:attachment":[{"href":"https:\/\/famaraapp.com\/ca\/wp-json\/wp\/v2\/media?parent=2938"}],"wp:term":[{"taxonomy":"product_brand","embeddable":true,"href":"https:\/\/famaraapp.com\/ca\/wp-json\/wp\/v2\/product_brand?post=2938"},{"taxonomy":"product_cat","embeddable":true,"href":"https:\/\/famaraapp.com\/ca\/wp-json\/wp\/v2\/product_cat?post=2938"},{"taxonomy":"product_tag","embeddable":true,"href":"https:\/\/famaraapp.com\/ca\/wp-json\/wp\/v2\/product_tag?post=2938"}],"curies":[{"name":"wp","href":"https:\/\/api.w.org\/{rel}","templated":true}]}}