{"id":2941,"date":"2025-07-09T13:35:26","date_gmt":"2025-07-09T13:35:26","guid":{"rendered":"https:\/\/famaraapp.com\/?post_type=product&#038;p=2941"},"modified":"2025-10-29T16:25:55","modified_gmt":"2025-10-29T15:25:55","slug":"plan-ilimitada-anual","status":"publish","type":"product","link":"https:\/\/famaraapp.com\/ca\/product\/plan-ilimitada-anual\/","title":{"rendered":"Plan Ilimitada Anual"},"content":{"rendered":"<p>Este plan lo incluye todo. Ideal para centros grandes o con m\u00faltiples departamentos.<br \/>\nTendr\u00e1s acceso ilimitado a todas las herramientas de Famara APP, sin restricciones de usuarios o secciones.<br \/>\nAl contratar el a\u00f1o completo, obtienes 2 meses gratis.<\/p>\n","protected":false},"excerpt":{"rendered":"<p>Gesti\u00f3n sin l\u00edmites durante todo el a\u00f1o. Ahorra 2 meses con la suscripci\u00f3n anual.<\/p>\n","protected":false},"featured_media":0,"comment_status":"open","ping_status":"closed","template":"","meta":[],"product_brand":[],"product_cat":[31],"product_tag":[],"class_list":{"0":"post-2941","1":"product","2":"type-product","3":"status-publish","5":"product_cat-uncategorized","7":"first","8":"instock","9":"virtual","10":"sold-individually","11":"taxable","12":"purchasable","13":"product-type-simple"},"_links":{"self":[{"href":"https:\/\/famaraapp.com\/ca\/wp-json\/wp\/v2\/product\/2941","targetHints":{"allow":["GET"]}}],"collection":[{"href":"https:\/\/famaraapp.com\/ca\/wp-json\/wp\/v2\/product"}],"about":[{"href":"https:\/\/famaraapp.com\/ca\/wp-json\/wp\/v2\/types\/product"}],"replies":[{"embeddable":true,"href":"https:\/\/famaraapp.com\/ca\/wp-json\/wp\/v2\/comments?post=2941"}],"wp:attachment":[{"href":"https:\/\/famaraapp.com\/ca\/wp-json\/wp\/v2\/media?parent=2941"}],"wp:term":[{"taxonomy":"product_brand","embeddable":true,"href":"https:\/\/famaraapp.com\/ca\/wp-json\/wp\/v2\/product_brand?post=2941"},{"taxonomy":"product_cat","embeddable":true,"href":"https:\/\/famaraapp.com\/ca\/wp-json\/wp\/v2\/product_cat?post=2941"},{"taxonomy":"product_tag","embeddable":true,"href":"https:\/\/famaraapp.com\/ca\/wp-json\/wp\/v2\/product_tag?post=2941"}],"curies":[{"name":"wp","href":"https:\/\/api.w.org\/{rel}","templated":true}]}}