{"id":2936,"date":"2025-07-09T13:26:49","date_gmt":"2025-07-09T13:26:49","guid":{"rendered":"https:\/\/famaraapp.com\/?post_type=product&#038;p=2936"},"modified":"2025-07-09T13:37:34","modified_gmt":"2025-07-09T13:37:34","slug":"plan-ilimitado-mensual","status":"publish","type":"product","link":"https:\/\/famaraapp.com\/en\/product\/plan-ilimitado-mensual\/","title":{"rendered":"Plan Ilimitado Mensual"},"content":{"rendered":"<p>Con el Plan Ilimitado Mensual, tu centro obtiene acceso total a todas las funcionalidades de Famara APP, sin restricciones de usuarios o departamentos.<br \/>\nIdeal para residencias que requieren un control amplio y fluido entre \u00e1reas como enfermer\u00eda, psicolog\u00eda, RRHH, talleres, etc.<br \/>\nContrataci\u00f3n flexible, sin permanencias.<\/p>\n","protected":false},"excerpt":{"rendered":"<p>Acceso completo a todas las funciones y sin l\u00edmites de usuarios. Pensado para una gesti\u00f3n integral.<\/p>\n","protected":false},"featured_media":0,"comment_status":"open","ping_status":"closed","template":"","meta":[],"product_brand":[],"product_cat":[31],"product_tag":[],"class_list":{"0":"post-2936","1":"product","2":"type-product","3":"status-publish","5":"product_cat-uncategorized","7":"first","8":"instock","9":"virtual","10":"sold-individually","11":"taxable","12":"purchasable","13":"product-type-simple"},"_links":{"self":[{"href":"https:\/\/famaraapp.com\/en\/wp-json\/wp\/v2\/product\/2936","targetHints":{"allow":["GET"]}}],"collection":[{"href":"https:\/\/famaraapp.com\/en\/wp-json\/wp\/v2\/product"}],"about":[{"href":"https:\/\/famaraapp.com\/en\/wp-json\/wp\/v2\/types\/product"}],"replies":[{"embeddable":true,"href":"https:\/\/famaraapp.com\/en\/wp-json\/wp\/v2\/comments?post=2936"}],"wp:attachment":[{"href":"https:\/\/famaraapp.com\/en\/wp-json\/wp\/v2\/media?parent=2936"}],"wp:term":[{"taxonomy":"product_brand","embeddable":true,"href":"https:\/\/famaraapp.com\/en\/wp-json\/wp\/v2\/product_brand?post=2936"},{"taxonomy":"product_cat","embeddable":true,"href":"https:\/\/famaraapp.com\/en\/wp-json\/wp\/v2\/product_cat?post=2936"},{"taxonomy":"product_tag","embeddable":true,"href":"https:\/\/famaraapp.com\/en\/wp-json\/wp\/v2\/product_tag?post=2936"}],"curies":[{"name":"wp","href":"https:\/\/api.w.org\/{rel}","templated":true}]}}